{"id":27,"date":"2016-05-09T13:05:52","date_gmt":"2016-05-09T11:05:52","guid":{"rendered":"http:\/\/z-designstudio.ch\/z-designstudio-2\/?page_id=27"},"modified":"2020-08-13T12:54:28","modified_gmt":"2020-08-13T10:54:28","slug":"about","status":"publish","type":"page","link":"https:\/\/z-designstudio.ch\/industrial\/en\/about\/","title":{"rendered":"About"},"content":{"rendered":"<p>Wir sch\u00e4tzen die komplement\u00e4re Produktentwicklung mit Industrial Design (Andrin H\u00e4feli), Mechanical Engineering (Adrian Birrer) und Grafik\/Fotografie (Marcel N\u00fcesch). Daf\u00fcr greifen auf den technischen Background aus unserer Erstausbildung zur\u00fcck und verbinden dieses Wissen mit der gesammelten Berufserfahrung aus verschiedenen etablierten Design- und Ingenieurb\u00fcros. Im Kompetenzbereich Industrial Design realisieren wir Projekte als Dienstleister in der Produktentwicklung von Konsum- und Investitionsg\u00fcter. Das Z Designstudio ist heute im Kern eines geschichtstr\u00e4chtigen Industriequartieres in Winterthur zuhause. Dieses alte Industriegeb\u00e4ude bietet gen\u00fcgend Raum f\u00fcr neue Ideen und experimentelles Arbeiten.<\/p>\n<p>Das Z Designstudio besteht in ge\u00e4nderter Form seit \u00fcber 15 Jahren.<\/p>\n<p><a href=\"https:\/\/z-designstudio.ch\/interior\/wp-content\/uploads\/sites\/3\/2020\/08\/laufbahn_zdesignstudio.pdf\" target=\"_blank\" rel=\"noopener noreferrer\">Download Laufbahn Andrin H\u00e4feli, Adrian Birrer und Marcel N\u00fcesch<\/a><\/p>\n","protected":false},"excerpt":{"rendered":"<p>Wir sch\u00e4tzen die komplement\u00e4re Produktentwicklung mit Industrial Design (Andrin H\u00e4feli), Mechanical Engineering (Adrian Birrer) und Grafik\/Fotografie (Marcel N\u00fcesch). Daf\u00fcr greifen auf den technischen Background aus unserer Erstausbildung zur\u00fcck und verbinden dieses Wissen mit der gesammelten Berufserfahrung aus verschiedenen etablierten Design- und Ingenieurb\u00fcros. Im Kompetenzbereich Industrial Design realisieren wir Projekte als Dienstleister in der Produktentwicklung von [&hellip;]<\/p>\n","protected":false},"author":1,"featured_media":918,"parent":0,"menu_order":5,"comment_status":"closed","ping_status":"closed","template":"template-about.php","meta":{"_locale":"en_US","_original_post":"15"},"_links":{"self":[{"href":"https:\/\/z-designstudio.ch\/industrial\/wp-json\/wp\/v2\/pages\/27"}],"collection":[{"href":"https:\/\/z-designstudio.ch\/industrial\/wp-json\/wp\/v2\/pages"}],"about":[{"href":"https:\/\/z-designstudio.ch\/industrial\/wp-json\/wp\/v2\/types\/page"}],"author":[{"embeddable":true,"href":"https:\/\/z-designstudio.ch\/industrial\/wp-json\/wp\/v2\/users\/1"}],"replies":[{"embeddable":true,"href":"https:\/\/z-designstudio.ch\/industrial\/wp-json\/wp\/v2\/comments?post=27"}],"version-history":[{"count":0,"href":"https:\/\/z-designstudio.ch\/industrial\/wp-json\/wp\/v2\/pages\/27\/revisions"}],"wp:featuredmedia":[{"embeddable":true,"href":"https:\/\/z-designstudio.ch\/industrial\/wp-json\/wp\/v2\/media\/918"}],"wp:attachment":[{"href":"https:\/\/z-designstudio.ch\/industrial\/wp-json\/wp\/v2\/media?parent=27"}],"curies":[{"name":"wp","href":"https:\/\/api.w.org\/{rel}","templated":true}]}}