{"id":13,"date":"2016-05-09T13:03:37","date_gmt":"2016-05-09T11:03:37","guid":{"rendered":"http:\/\/z-designstudio.ch\/z-designstudio-2\/?page_id=13"},"modified":"2020-08-13T11:21:04","modified_gmt":"2020-08-13T09:21:04","slug":"kompetenz","status":"publish","type":"page","link":"https:\/\/z-designstudio.ch\/industrial\/kompetenz\/","title":{"rendered":"Kompetenz"},"content":{"rendered":"<p>Unter einem ganzheitlich kompetent gestalteten Produkt verstehen wir maximale Funktionalit\u00e4t und Usability, ein raffinierter Umgang mit den vorhandenen Technologien und Materialien, umgesetzt in einer dem Kunden zugeschnittenen, eigenst\u00e4ndigen und langlebigen Formensprache.<\/p>\n<p>Aus Erfahrung empfehlen wir die Designkompetenz m\u00f6glichst fr\u00fchzeitig in den Produktentwicklungsprozess zu integrieren um das maximale Potenzial an Innovationsgehalt bei einer Neuentwicklung voll auszusch\u00f6pfen. Dabei sprechen wir von den Vorz\u00fcgen unserer kreativen, unkonventionellen Denk- und Herangehensweise bei der Ideenfindung welche die Basis f\u00fcr neue L\u00f6sungsans\u00e4tzen bilden.<\/p>\n<p>Gerne unterst\u00fctzen wir unsere Kunden tatkr\u00e4ftig in allen Projektphasen. Wir gliedern die Produktentwicklung in vier verschiedene Projektpasen.<\/p>\n<p>-Analyse und Briefing<\/p>\n<p>-Konzeption und Ideenfindung<\/p>\n<p>-Designkonzept und Formensprache<\/p>\n<p>-Detailierung und Umsetzung<\/p>\n<p>Um eine gute Idee plausibel umzusetzen bedarf es das richtige Handwerk. Der Disziplinenwechsel von der Handzeichnung zum CAD Modell und weiter bis zum Bau eines Modells oder Prototypen in unserer Modellbauwerkstatt oder einem Partnerunternehmen aus unserem breiten Netzwerk ist dazu die Basis.<\/p>\n<p>Um einen effizienten und sinnvollen Arbeitsprozess zu erm\u00f6glichen, greifen wir auf einen grossen Fundus von verschiedenen digitalen sowie analogen Werkzeugen zur\u00fcck.<\/p>\n<p>Der Arbeitsumfang und das gew\u00fcnschte Pr\u00e4sentationsmedium definieren wir gemeinsam mit dem Kunden, ohne unseren hohen Qualit\u00e4tsanspruch aus den Augen zu verlieren.<\/p>\n<p>Gerne geben wir Ihnen im pers\u00f6nlichen Gespr\u00e4ch mehr \u00fcber unsere Kompetenzen Auskunft. Wir freuen uns \u00fcber Ihre Kontaktaufnahme.<\/p>\n<p>&nbsp;<\/p>\n","protected":false},"excerpt":{"rendered":"<p>Unter einem ganzheitlich kompetent gestalteten Produkt verstehen wir maximale Funktionalit\u00e4t und Usability, ein raffinierter Umgang mit den vorhandenen Technologien und Materialien, umgesetzt in einer dem Kunden zugeschnittenen, eigenst\u00e4ndigen und langlebigen Formensprache. Aus Erfahrung empfehlen wir die Designkompetenz m\u00f6glichst fr\u00fchzeitig in den Produktentwicklungsprozess zu integrieren um das maximale Potenzial an Innovationsgehalt bei einer Neuentwicklung voll auszusch\u00f6pfen. [&hellip;]<\/p>\n","protected":false},"author":1,"featured_media":743,"parent":0,"menu_order":4,"comment_status":"closed","ping_status":"closed","template":"template-motivation.php","meta":{"_locale":"de_DE","_original_post":"13"},"_links":{"self":[{"href":"https:\/\/z-designstudio.ch\/industrial\/wp-json\/wp\/v2\/pages\/13"}],"collection":[{"href":"https:\/\/z-designstudio.ch\/industrial\/wp-json\/wp\/v2\/pages"}],"about":[{"href":"https:\/\/z-designstudio.ch\/industrial\/wp-json\/wp\/v2\/types\/page"}],"author":[{"embeddable":true,"href":"https:\/\/z-designstudio.ch\/industrial\/wp-json\/wp\/v2\/users\/1"}],"replies":[{"embeddable":true,"href":"https:\/\/z-designstudio.ch\/industrial\/wp-json\/wp\/v2\/comments?post=13"}],"version-history":[{"count":0,"href":"https:\/\/z-designstudio.ch\/industrial\/wp-json\/wp\/v2\/pages\/13\/revisions"}],"wp:featuredmedia":[{"embeddable":true,"href":"https:\/\/z-designstudio.ch\/industrial\/wp-json\/wp\/v2\/media\/743"}],"wp:attachment":[{"href":"https:\/\/z-designstudio.ch\/industrial\/wp-json\/wp\/v2\/media?parent=13"}],"curies":[{"name":"wp","href":"https:\/\/api.w.org\/{rel}","templated":true}]}}