{"id":15,"date":"2016-05-09T13:03:56","date_gmt":"2016-05-09T11:03:56","guid":{"rendered":"http:\/\/z-designstudio.ch\/z-designstudio-2\/?page_id=15"},"modified":"2020-08-26T16:09:44","modified_gmt":"2020-08-26T14:09:44","slug":"ueber-uns","status":"publish","type":"page","link":"https:\/\/z-designstudio.ch\/industrial\/ueber-uns\/","title":{"rendered":"\u00dcber uns"},"content":{"rendered":"<p>Wir sch\u00e4tzen die komplement\u00e4re Produktentwicklung mit Industrial Design (Andrin H\u00e4feli), Mechanical Engineering (Adrian Birrer) und Grafik\/Fotografie (Marcel N\u00fcesch). Daf\u00fcr greifen wir auf den technischen Background aus unserer Erstausbildung zur\u00fcck und verbinden dieses Wissen mit der gesammelten Berufserfahrung aus verschiedenen etablierten Design- und Ingenieurb\u00fcros. Im Kompetenzbereich Industrial Design realisieren wir Projekte als Dienstleister in der Produktentwicklung von Konsum- und Investitionsg\u00fcter. Das Z Designstudio ist in einem altem Industriegeb\u00e4ude des Winterthurer Sulzerareals zuhause. Das Lagerplatzareal mit seinen Nischen f\u00fcr Kleingewerbe, Freizeit, Kunst und Kultur bietet grossz\u00fcgigen Raum f\u00fcr neue Ideen und experimentelles Arbeiten.<\/p>\n<p>Das Z Designstudio besteht in ge\u00e4nderter Form seit \u00fcber 15 Jahren.<\/p>\n<p><a href=\"https:\/\/z-designstudio.ch\/interior\/wp-content\/uploads\/sites\/3\/2020\/08\/laufbahn_zdesignstudio.pdf\" target=\"_blank\" rel=\"noopener noreferrer\">Laufbahn Andrin H\u00e4feli, Adrian Birrer und Marcel N\u00fcesch<\/a><\/p>\n","protected":false},"excerpt":{"rendered":"<p>Wir sch\u00e4tzen die komplement\u00e4re Produktentwicklung mit Industrial Design (Andrin H\u00e4feli), Mechanical Engineering (Adrian Birrer) und Grafik\/Fotografie (Marcel N\u00fcesch). Daf\u00fcr greifen wir auf den technischen Background aus unserer Erstausbildung zur\u00fcck und verbinden dieses Wissen mit der gesammelten Berufserfahrung aus verschiedenen etablierten Design- und Ingenieurb\u00fcros. Im Kompetenzbereich Industrial Design realisieren wir Projekte als Dienstleister in der Produktentwicklung [&hellip;]<\/p>\n","protected":false},"author":1,"featured_media":918,"parent":0,"menu_order":5,"comment_status":"closed","ping_status":"closed","template":"template-about.php","meta":{"_locale":"de_DE","_original_post":"15"},"_links":{"self":[{"href":"https:\/\/z-designstudio.ch\/industrial\/wp-json\/wp\/v2\/pages\/15"}],"collection":[{"href":"https:\/\/z-designstudio.ch\/industrial\/wp-json\/wp\/v2\/pages"}],"about":[{"href":"https:\/\/z-designstudio.ch\/industrial\/wp-json\/wp\/v2\/types\/page"}],"author":[{"embeddable":true,"href":"https:\/\/z-designstudio.ch\/industrial\/wp-json\/wp\/v2\/users\/1"}],"replies":[{"embeddable":true,"href":"https:\/\/z-designstudio.ch\/industrial\/wp-json\/wp\/v2\/comments?post=15"}],"version-history":[{"count":1,"href":"https:\/\/z-designstudio.ch\/industrial\/wp-json\/wp\/v2\/pages\/15\/revisions"}],"predecessor-version":[{"id":937,"href":"https:\/\/z-designstudio.ch\/industrial\/wp-json\/wp\/v2\/pages\/15\/revisions\/937"}],"wp:featuredmedia":[{"embeddable":true,"href":"https:\/\/z-designstudio.ch\/industrial\/wp-json\/wp\/v2\/media\/918"}],"wp:attachment":[{"href":"https:\/\/z-designstudio.ch\/industrial\/wp-json\/wp\/v2\/media?parent=15"}],"curies":[{"name":"wp","href":"https:\/\/api.w.org\/{rel}","templated":true}]}}