{"id":27,"date":"2016-05-09T13:05:52","date_gmt":"2016-05-09T11:05:52","guid":{"rendered":"https:\/\/z-designstudio.ch\/interior\/?page_id=27"},"modified":"2016-08-24T11:03:08","modified_gmt":"2016-08-24T09:03:08","slug":"about","status":"publish","type":"page","link":"https:\/\/z-designstudio.ch\/interior\/en\/about\/","title":{"rendered":"About"},"content":{"rendered":"<p>Zumb\u00fchl Designstudio looks back on many years of furniture and interior design. Increasingly, Jakob Zumb\u00fchl and Andrin H\u00e4feli fall back on their technical backgrounds, areas in which they trained before graduating as industrial designers FH at Zurich University of the Arts (ZHdK). In industrial competencies they are service providers in the field of product design for consumer and investment goods.<\/p>\n<p>In January 2016 they founded Zumb\u00fchl Designstudio Ltd. and Andrin H\u00e4feli joined the board of directors. The new company Zumb\u00fchl Designstudio takes over from studio frieszumb\u00fchl and is at home in the center of Winterthur\u2019s historic industrial area. The old industrial building provides ample amount of space for idea generation and experimental work.<\/p>\n<p>The first product was developed during their studies at ZhdK in 2002 by Kevin Fries and Jakob Zumb\u00fchl, who discovered complementary qualities in eachother. After project-based collaboration they founded the studio fries&amp;zumb\u00fchl. Their different approach and way of thinking was the key to their fast success. In 2010 Andrin H\u00e4feli joined the company as a driving force and valuable colleague. fries&amp;zumb\u00fchl was renamed studio frieszumb\u00fchl in 2012. In 2014 Kevin Fries decided to focis more on his musical talent and left the studio, which was then run by Jakob Zumb\u00fchl and Andrin H\u00e4feli until the end of 2015.<\/p>\n","protected":false},"excerpt":{"rendered":"<p>Zumb\u00fchl Designstudio looks back on many years of furniture and interior design. Increasingly, Jakob Zumb\u00fchl and Andrin H\u00e4feli fall back on their technical backgrounds, areas in which they trained before graduating as industrial designers FH at Zurich University of the Arts (ZHdK). In industrial competencies they are service providers in the field of product design [&hellip;]<\/p>\n","protected":false},"author":1,"featured_media":592,"parent":0,"menu_order":5,"comment_status":"closed","ping_status":"closed","template":"template-about.php","meta":{"_locale":"en_US","_original_post":"15"},"_links":{"self":[{"href":"https:\/\/z-designstudio.ch\/interior\/wp-json\/wp\/v2\/pages\/27"}],"collection":[{"href":"https:\/\/z-designstudio.ch\/interior\/wp-json\/wp\/v2\/pages"}],"about":[{"href":"https:\/\/z-designstudio.ch\/interior\/wp-json\/wp\/v2\/types\/page"}],"author":[{"embeddable":true,"href":"https:\/\/z-designstudio.ch\/interior\/wp-json\/wp\/v2\/users\/1"}],"replies":[{"embeddable":true,"href":"https:\/\/z-designstudio.ch\/interior\/wp-json\/wp\/v2\/comments?post=27"}],"version-history":[{"count":0,"href":"https:\/\/z-designstudio.ch\/interior\/wp-json\/wp\/v2\/pages\/27\/revisions"}],"wp:featuredmedia":[{"embeddable":true,"href":"https:\/\/z-designstudio.ch\/interior\/wp-json\/wp\/v2\/media\/592"}],"wp:attachment":[{"href":"https:\/\/z-designstudio.ch\/interior\/wp-json\/wp\/v2\/media?parent=27"}],"curies":[{"name":"wp","href":"https:\/\/api.w.org\/{rel}","templated":true}]}}