{"id":13,"date":"2016-05-09T13:03:37","date_gmt":"2016-05-09T11:03:37","guid":{"rendered":"https:\/\/z-designstudio.ch\/interior\/?page_id=13"},"modified":"2020-08-14T11:23:00","modified_gmt":"2020-08-14T09:23:00","slug":"motivation","status":"publish","type":"page","link":"https:\/\/z-designstudio.ch\/interior\/motivation\/","title":{"rendered":"Motivation"},"content":{"rendered":"<h2>Das M\u00f6beldesign wird auch \u00f6fters die \u201eK\u00f6nigsdisziplin des Designs\u201c bezeichnet. In diesem Arbeitsfeld r\u00fcckt die T\u00e4tigkeit sehr nahe an das k\u00fcnstlerische Schaffen.<\/h2>\n<p>Jedes M\u00f6bel\u00a0besitzt eine eigene Identit\u00e4t und weist Charakterz\u00fcge auf, die beim Benutzer Emotionen wecken. Diesen direkten pers\u00f6nlichen Bezug\u00a0zum Objekt\u00a0und dessen Wahrnehmung von Funktion und \u00c4sthetik motivieren uns beim Forschen nach neuen alltagsbereichernden L\u00f6sungen.<\/p>\n<p>Uns interessiert das Ausgefallene ebenso wie die &#8222;Normalit\u00e4t&#8220; der Objekte, zentral ist dabei immer das Erf\u00fcllen der gewollten Funktion. Fast jede Raumsituation wird durch die Wahl der M\u00f6bel beeinflusst. K\u00fcnstliches Licht beeinflusst unsere Lebensgewohnheiten, diese Lichtquellen sind einmal Funktion ein andermal Stimmung. Oberfl\u00e4chen nehmen Farben, Materialien und Formen an und beeinflussen unsere Wahrnehmung und unsere Emotionen.<\/p>\n<p>Wir k\u00f6nnen mit unserer Arbeit einen Beitragen zu einer positiv empfundenen Umgebung leisten. Dabei ist der Massstab des zu gestaltenden Objektes unwichtig. Einmal handelt es sich um einen lieb gewonnenen Alltagsgegenstand ein andermal um R\u00e4umlichkeiten die sich positiv auf unser Wohlbefinden auswirken.<\/p>\n<p>Bei aller Ernsthaftigkeit der Gestaltung unseres Lebensraumes, \u00fcberlassen wir unkonventionellen Ideenans\u00e4tzen gerne gen\u00fcgend Freiraum.<\/p>\n<p>&nbsp;<\/p>\n","protected":false},"excerpt":{"rendered":"<p>Das M\u00f6beldesign wird auch \u00f6fters die \u201eK\u00f6nigsdisziplin des Designs\u201c bezeichnet. In diesem Arbeitsfeld r\u00fcckt die T\u00e4tigkeit sehr nahe an das k\u00fcnstlerische Schaffen. Jedes M\u00f6bel\u00a0besitzt eine eigene Identit\u00e4t und weist Charakterz\u00fcge auf, die beim Benutzer Emotionen wecken. Diesen direkten pers\u00f6nlichen Bezug\u00a0zum Objekt\u00a0und dessen Wahrnehmung von Funktion und \u00c4sthetik motivieren uns beim Forschen nach neuen alltagsbereichernden L\u00f6sungen. [&hellip;]<\/p>\n","protected":false},"author":1,"featured_media":1069,"parent":0,"menu_order":4,"comment_status":"closed","ping_status":"closed","template":"template-motivation.php","meta":{"_locale":"de_DE","_original_post":"13"},"_links":{"self":[{"href":"https:\/\/z-designstudio.ch\/interior\/wp-json\/wp\/v2\/pages\/13"}],"collection":[{"href":"https:\/\/z-designstudio.ch\/interior\/wp-json\/wp\/v2\/pages"}],"about":[{"href":"https:\/\/z-designstudio.ch\/interior\/wp-json\/wp\/v2\/types\/page"}],"author":[{"embeddable":true,"href":"https:\/\/z-designstudio.ch\/interior\/wp-json\/wp\/v2\/users\/1"}],"replies":[{"embeddable":true,"href":"https:\/\/z-designstudio.ch\/interior\/wp-json\/wp\/v2\/comments?post=13"}],"version-history":[{"count":0,"href":"https:\/\/z-designstudio.ch\/interior\/wp-json\/wp\/v2\/pages\/13\/revisions"}],"wp:featuredmedia":[{"embeddable":true,"href":"https:\/\/z-designstudio.ch\/interior\/wp-json\/wp\/v2\/media\/1069"}],"wp:attachment":[{"href":"https:\/\/z-designstudio.ch\/interior\/wp-json\/wp\/v2\/media?parent=13"}],"curies":[{"name":"wp","href":"https:\/\/api.w.org\/{rel}","templated":true}]}}